{"id":25,"date":"2020-04-27T15:28:41","date_gmt":"2020-04-27T15:28:41","guid":{"rendered":"https:\/\/elkeutaschrepel.com\/?page_id=25"},"modified":"2020-10-28T21:17:46","modified_gmt":"2020-10-28T21:17:46","slug":"vita","status":"publish","type":"page","link":"https:\/\/elkeutaschrepel.com\/?page_id=25","title":{"rendered":"Vita"},"content":{"rendered":"\n<p>geboren in Radebeul (Sachsen)\/Deutschland;<\/p>\n\n\n\n<p>Studium und Diplom f\u00fcr Klavier und Korrepetition an der Musikhochschule Weimar;&nbsp;                                                                                                                  Studium und Diplom f\u00fcr Musik, Tanz, Bewegungserziehung und Cembalo am Mozarteum Salzburg;<\/p>\n\n\n\n<p>seit 1994 freischaffende Musikerin\u00a0in Berlin;<\/p>\n\n\n\n<p>Meisterkurse f\u00fcr Liedinterpretation u.a. bei Prof. U.Rademacher, Prof. N. Shetler,\u00a0N. Harnoncourt; f\u00fcr Improvisation bei Prof. G. Phillipp, H. Wiedemann, am Deutschen Institut f\u00fcr Improvisation;<\/p>\n\n\n\n<p>2019 Gesangsp\u00e4dagogisches Zertifikat (GPZ) beim Bund deutscher Gesangsp\u00e4dagogen;<\/p>\n\n\n\n<p>Regelm\u00e4ssige Konzerte als Liedbegleiterin, f\u00fcr Kammermusik, seit 1995 Kompositionen und Improvisationen f\u00fcr Theater und kunst\u00fcbergreifende Programme, Klanginstallationen in Deutschland und im europ\u00e4ischen Raum;<\/p>\n\n\n\n<p>1999 Lehraufrag an der UdK Berlin;                                                        Klavierdozentin und Korrepetitorin an der Musikschule &#8222;Leo Kestenberg&#8220;  Berlin;<\/p>\n\n\n\n<p>Lebt und arbeitet mit ihrem Mann und zwei T\u00f6chtern in Berlin und seit 2015 in Linde \/ Brandenburg.<\/p>\n","protected":false},"excerpt":{"rendered":"<p>geboren in Radebeul (Sachsen)\/Deutschland; Studium und Diplom f\u00fcr Klavier und Korrepetition an der Musikhochschule Weimar;&nbsp; Studium und Diplom f\u00fcr Musik, Tanz, Bewegungserziehung und&#8230;<\/p>\n","protected":false},"author":2,"featured_media":0,"parent":0,"menu_order":1,"comment_status":"closed","ping_status":"closed","template":"","meta":{"footnotes":""},"class_list":["post-25","page","type-page","status-publish","hentry"],"_links":{"self":[{"href":"https:\/\/elkeutaschrepel.com\/index.php?rest_route=\/wp\/v2\/pages\/25","targetHints":{"allow":["GET"]}}],"collection":[{"href":"https:\/\/elkeutaschrepel.com\/index.php?rest_route=\/wp\/v2\/pages"}],"about":[{"href":"https:\/\/elkeutaschrepel.com\/index.php?rest_route=\/wp\/v2\/types\/page"}],"author":[{"embeddable":true,"href":"https:\/\/elkeutaschrepel.com\/index.php?rest_route=\/wp\/v2\/users\/2"}],"replies":[{"embeddable":true,"href":"https:\/\/elkeutaschrepel.com\/index.php?rest_route=%2Fwp%2Fv2%2Fcomments&post=25"}],"version-history":[{"count":4,"href":"https:\/\/elkeutaschrepel.com\/index.php?rest_route=\/wp\/v2\/pages\/25\/revisions"}],"predecessor-version":[{"id":422,"href":"https:\/\/elkeutaschrepel.com\/index.php?rest_route=\/wp\/v2\/pages\/25\/revisions\/422"}],"wp:attachment":[{"href":"https:\/\/elkeutaschrepel.com\/index.php?rest_route=%2Fwp%2Fv2%2Fmedia&parent=25"}],"curies":[{"name":"wp","href":"https:\/\/api.w.org\/{rel}","templated":true}]}}